{"id":65351,"date":"2023-09-08T13:58:30","date_gmt":"2023-09-08T13:58:30","guid":{"rendered":"https:\/\/plumbers911.com\/?page_id=65351"},"modified":"2024-01-24T20:12:06","modified_gmt":"2024-01-24T20:12:06","slug":"toilet-repair-mcallen","status":"publish","type":"page","link":"https:\/\/plumbers911.com\/es\/toilet-repair-mcallen\/","title":{"rendered":"Reparaci\u00f3n de inodoros McAllen"},"content":{"rendered":"<div class=\"vc_row wpb_row vc_row-fluid landing-hero-content vc_custom_1576174347087 vc_row-has-fill overlay-enable\"><div class=\"overlay\" style=\"background-color:rgba(0,19,75,0.4)\"><\/div><div class=\"container\"><div class=\"row\"><div class=\"landing-hero-content-left wpb_column vc_column_container vc_col-sm-6\"><div class=\"vc_column-inner\"><div class=\"wpb_wrapper\"><h1 style=\"text-align: right\" class=\"vc_custom_heading landing-hero-content-left-title\" >\u00a1Reparaci\u00f3n r\u00e1pida de inodoros en McAllen!<\/h1><h3 style=\"text-align: right\" class=\"vc_custom_heading landing-hero-content-left-sub-title\" >\u00a1Deje que los plomeros 911 se encarguen de las reparaciones de su inodoro las 24 horas del d\u00eda, los 7 d\u00edas de la semana!<\/h3><\/div><\/div><\/div><div class=\"landing-hero-content-right wpb_column vc_column_container vc_col-sm-6\"><div class=\"vc_column-inner\"><div class=\"wpb_wrapper\"><div class=\"vc_row wpb_row vc_inner vc_row-fluid landing-hero-content-right-coupon vc_custom_1575908287979 vc_row-has-fill\"><div class=\"landing-hero-content-right-coupon-container wpb_column vc_column_container vc_col-sm-12\"><div class=\"vc_column-inner\"><div class=\"wpb_wrapper\"><h3 style=\"text-align: center\" class=\"vc_custom_heading landing-hero-content-right-coupon-area-title\" >Plomeros 911 McAllen<\/h3>\n\t<div class=\"wpb_text_column wpb_content_element  landing-hero-content-right-coupon-text\" >\n\t\t<div class=\"wpb_wrapper\">\n\t\t\t<h2>956-625-0102<\/h2>\n<h3 style=\"font-size: 24px;\">Plomeros 911 N\u00famero de tel\u00e9fono de McAllen<\/h3>\n\n\t\t<\/div>\n\t<\/div>\n<div class=\"vc_btn3-container  plumber-button-solid vc_btn3-center\" ><a style=\"background-color:#d3030b; color:#ffffff;\" class=\"vc_general vc_btn3 vc_btn3-size-lg vc_btn3-shape-square vc_btn3-style-custom\" href=\"tel:956-625-0102\" title=\"Haz clic para llamar\">Haz clic para llamar<\/a><\/div><\/div><\/div><\/div><\/div><\/div><\/div><\/div><\/div><\/div><\/div><div class=\"vc_row wpb_row vc_row-fluid about-content\"><div class=\"container\"><div class=\"row\"><div class=\"about-content-container-center wpb_column vc_column_container vc_col-sm-12\"><div class=\"vc_column-inner\"><div class=\"wpb_wrapper\">\n\t<div class=\"wpb_text_column wpb_content_element  about-content-text\" >\n\t\t<div class=\"wpb_wrapper\">\n\t\t\t<h4>\u00a1Expertos en reparaci\u00f3n de inodoros del \u00e1rea metropolitana de McAllen!<\/h4>\n<p>Lo entendemos, ocurren problemas con el ba\u00f1o. Lo \u00faltimo que desea es una taza del inodoro desbordada justo despu\u00e9s de llegar a casa despu\u00e9s de un largo d\u00eda de trabajo o en medio de la noche. No importa el problema, grande o peque\u00f1o, Plumbers 911 puede derivarlo a un contratista de plomer\u00eda experto de McAllen, quien estar\u00e1 all\u00ed para ayudarlo a solucionar el problema del inodoro lo m\u00e1s r\u00e1pido posible. Tambi\u00e9n pueden instalar y reemplazar ba\u00f1os residenciales y comerciales.<\/p>\n<h5>\u00a1Los problemas comunes de los inodoros, como los inodoros obstruidos, los inodoros funcionando y las fugas de inodoros, son nuestra especialidad! Tambi\u00e9n podemos ayudar a diagnosticar problemas con la potencia de descarga de su inodoro.<\/h5>\n<p>Llame a los plomeros 911 al <a style=\"font-weight: bold; text-decoration: underline;\" href=\"tel:956-625-0102\">956-625-0102<\/a> para obtener una derivaci\u00f3n instant\u00e1nea a un contratista de plomer\u00eda autorizado, asegurado y garantizado del \u00e1rea de McAllen que tenga experiencia en la reparaci\u00f3n y reemplazo de inodoros.<\/p>\n<h5>\u00a1La red 911 de plomeros de McAllen lo conecta con el mejor plomero para manejar sus problemas de plomer\u00eda de inodoros!<\/h5>\n<p>Cuando llama a Plomeros al 911, lo conectamos con uno de nuestros plomeros altamente calificados del \u00e1rea de McAllen que opera en su vecindario. <strong>Estos son plomeros locales expertos, no tipos que vuelan de noche con llaves y desatascadores.<\/strong> Saben c\u00f3mo tratar bien a los clientes y har\u00e1n el trabajo de manera oportuna y eficiente.<\/p>\n\n\t\t<\/div>\n\t<\/div>\n<\/div><\/div><\/div><\/div><\/div><\/div><div class=\"vc_row wpb_row vc_row-fluid emergency-plumbing-banner-content vc_custom_1576160796325 vc_row-has-fill\"><div class=\"container\"><div class=\"row\"><div class=\"emergency-plumbing-banner-content-left wpb_column vc_column_container vc_col-sm-6\"><div class=\"vc_column-inner\"><div class=\"wpb_wrapper\"><h3 style=\"text-align: left\" class=\"vc_custom_heading emergency-plumbing-banner-content-sub-title\" >\u00a1Con\u00e9ctese con un plomero certificado de McAllen hoy!<\/h3><h5 style=\"text-align: left\" class=\"vc_custom_heading emergency-plumbing-banner-content-title\" >Plomeros disponibles 24 horas al d\u00eda, 7 d\u00edas a la semana<\/h5><\/div><\/div><\/div><div class=\"emergency-plumbing-banner-content-right wpb_column vc_column_container vc_col-sm-6\"><div class=\"vc_column-inner\"><div class=\"wpb_wrapper\">\n\t<div class=\"wpb_raw_code wpb_content_element wpb_raw_html\" >\n\t\t<div class=\"wpb_wrapper\">\n\t\t\t<section class=\"call-now-banner-content\">\n  <a href=\"tel:956-625-0102\" class=\"call-now-banner-content-container\">\n    <div class=\"call-now-banner-content-top\">\n      <img decoding=\"async\" src=\"https:\/\/plumbers911.com\/wp-content\/uploads\/2020\/01\/call-now-phone-white.svg\" alt=\"icon of phone vibrating to look like it's ringing\">\n      <h4>\u00a1LLAMA AHORA!<\/h4>\n    <\/div>\n    <div class=\"call-now-banner-content-bottom\">\n      <h2>956-625-0102<\/h2>\n    <\/div>\n  <\/a>\n<\/section>\n\t\t<\/div>\n\t<\/div>\n<\/div><\/div><\/div><\/div><\/div><\/div><div class=\"vc_row wpb_row vc_row-fluid why-choose-content\"><div class=\"container\"><div class=\"row\"><div class=\"why-choose-content-left reversed-no-list wpb_column vc_column_container vc_col-sm-8\"><div class=\"vc_column-inner\"><div class=\"wpb_wrapper\">\n\t<div class=\"wpb_text_column wpb_content_element\" >\n\t\t<div class=\"wpb_wrapper\">\n\t\t\t<h4>\u00a1Repare bien su inodoro la primera vez!<\/h4>\n<p>Nuestros plomeros expertos de McAllen diagnosticar\u00e1n su problema y le brindar\u00e1n las mejores opciones para reparar o reemplazar su inodoro. Adem\u00e1s, todos los contratistas de Plumbers 911 siempre brindan un presupuesto escrito gratuito.<\/p>\n<h4>\u00bfEs esta una reparaci\u00f3n de emergencia para el inodoro?<\/h4>\n<p>Si sale agua de la taza del inodoro y cae al piso del ba\u00f1o, probablemente est\u00e9 entrando en p\u00e1nico y tratando de decidir qu\u00e9 hacer. La respuesta es simple, llame a Plomeros al 911 al <a style=\"font-weight: bold; text-decoration: underline;\" href=\"tel:956-625-0102\">956-625-0102<\/a>. Lo derivaremos a un contratista experto en su \u00e1rea, que ofrece servicios de reparaci\u00f3n de inodoros de emergencia las 24 horas, los 7 d\u00edas de la semana y puede solucionar su problema.<\/p>\n<h4>\u00bfQu\u00e9 pasa si necesitamos reemplazar su inodoro?<\/h4>\n<p>Nuestros plomeros de McAllen acceder\u00e1n r\u00e1pidamente a la situaci\u00f3n y determinar\u00e1n si existe una manera rentable de reparar su inodoro. Si tiene sentido, har\u00e1n la reparaci\u00f3n, pero si el costo es demasiado alto o el problema no se puede solucionar, pueden reemplazar el inodoro roto por uno nuevo.<\/p>\n<p>Nuestra red de McAllen evaluar\u00e1 la situaci\u00f3n y hablar\u00e1 con usted sobre el curso de acci\u00f3n recomendado y siempre le proporcionar\u00e1 un presupuesto escrito gratuito antes de realizar cualquier trabajo.<\/p>\n\n\t\t<\/div>\n\t<\/div>\n<\/div><\/div><\/div><div class=\"why-choose-content-right wpb_column vc_column_container vc_col-sm-4\"><div class=\"vc_column-inner\"><div class=\"wpb_wrapper\">\n\t<div  class=\"wpb_single_image wpb_content_element vc_align_center   why-choose-content-right-image\">\n\t\t\n\t\t<figure class=\"wpb_wrapper vc_figure\">\n\t\t\t<div class=\"vc_single_image-wrapper   vc_box_border_grey\"><img loading=\"lazy\" decoding=\"async\" width=\"1200\" height=\"1348\" src=\"https:\/\/plumbers911.com\/wp-content\/uploads\/2019\/12\/toilet-heater-repair-plumber.jpg\" class=\"vc_single_image-img attachment-full\" alt=\"Plumbers 911 emergency toilet repair\" srcset=\"https:\/\/plumbers911.com\/wp-content\/uploads\/2019\/12\/toilet-heater-repair-plumber.jpg 1200w, https:\/\/plumbers911.com\/wp-content\/uploads\/2019\/12\/toilet-heater-repair-plumber-267x300.jpg 267w, https:\/\/plumbers911.com\/wp-content\/uploads\/2019\/12\/toilet-heater-repair-plumber-912x1024.jpg 912w, https:\/\/plumbers911.com\/wp-content\/uploads\/2019\/12\/toilet-heater-repair-plumber-768x863.jpg 768w\" sizes=\"auto, (max-width: 1200px) 100vw, 1200px\" \/><\/div>\n\t\t<\/figure>\n\t<\/div>\n<\/div><\/div><\/div><\/div><\/div><\/div><div class=\"vc_row wpb_row vc_row-fluid\"><div class=\"container\"><div class=\"row\"><div class=\"wpb_column vc_column_container vc_col-sm-12\"><div class=\"vc_column-inner\"><div class=\"wpb_wrapper\">\n\t<div class=\"wpb_raw_code wpb_content_element wpb_raw_html\" >\n\t\t<div class=\"wpb_wrapper\">\n\t\t\t<div class=\"section-separator-line\"><\/div>\n\t\t<\/div>\n\t<\/div>\n<\/div><\/div><\/div><\/div><\/div><\/div><div class=\"vc_row wpb_row vc_row-fluid card-content\"><div class=\"container\"><div class=\"row\"><div class=\"card-content-container wpb_column vc_column_container vc_col-sm-12\"><div class=\"vc_column-inner\"><div class=\"wpb_wrapper\"><h3 style=\"text-align: center\" class=\"vc_custom_heading card-content-title-text\" >\u00a1Conf\u00ede en nuestros plomeros de McAllen para manejar mejor la reparaci\u00f3n de su inodoro!<\/h3><div class=\"vc_row wpb_row vc_inner vc_row-fluid card-content-cards\"><div class=\"card-content-card-left wpb_column vc_column_container vc_col-sm-4 vc_col-has-fill\"><div class=\"vc_column-inner vc_custom_1575925617283\"><div class=\"wpb_wrapper\">\n\t<div  class=\"wpb_single_image wpb_content_element vc_align_left   card-content-card-image\">\n\t\t\n\t\t<figure class=\"wpb_wrapper vc_figure\">\n\t\t\t<div class=\"vc_single_image-wrapper   vc_box_border_grey\"><img loading=\"lazy\" decoding=\"async\" width=\"160\" height=\"196\" src=\"https:\/\/plumbers911.com\/wp-content\/uploads\/2019\/11\/red-formal-checkmark-white-box.svg\" class=\"vc_single_image-img attachment-full\" alt=\"\" \/><\/div>\n\t\t<\/figure>\n\t<\/div>\n<h3 style=\"text-align: left\" class=\"vc_custom_heading card-content-card-title\" >M\u00e1s de 10,000 horas de capacitaci\u00f3n<\/h3>\n\t<div class=\"wpb_text_column wpb_content_element  card-content-card-text\" >\n\t\t<div class=\"wpb_wrapper\">\n\t\t\t<p>Nuestros plomeros son todos profesionales acreditados y autorizados con a\u00f1os de experiencia. Cada uno ha completado extensos cursos, incluida la capacitaci\u00f3n continua sobre las \u00faltimas t\u00e9cnicas y equipos.<\/p>\n\n\t\t<\/div>\n\t<\/div>\n<\/div><\/div><\/div><div class=\"card-content-card-center wpb_column vc_column_container vc_col-sm-4 vc_col-has-fill\"><div class=\"vc_column-inner vc_custom_1575926167477\"><div class=\"wpb_wrapper\">\n\t<div  class=\"wpb_single_image wpb_content_element vc_align_left   card-content-card-image\">\n\t\t\n\t\t<figure class=\"wpb_wrapper vc_figure\">\n\t\t\t<div class=\"vc_single_image-wrapper   vc_box_border_grey\"><img loading=\"lazy\" decoding=\"async\" width=\"160\" height=\"196\" src=\"https:\/\/plumbers911.com\/wp-content\/uploads\/2019\/11\/red-formal-checkmark-white-box.svg\" class=\"vc_single_image-img attachment-full\" alt=\"\" \/><\/div>\n\t\t<\/figure>\n\t<\/div>\n<h3 style=\"text-align: left\" class=\"vc_custom_heading card-content-card-title\" >Antecedentes verificados y pruebas de drogas<\/h3>\n\t<div class=\"wpb_text_column wpb_content_element  card-content-card-text\" >\n\t\t<div class=\"wpb_wrapper\">\n\t\t\t<p>Exigimos a nuestros plomeros que se sometan a una rigurosa verificaci\u00f3n de antecedentes antes de poder participar en nuestra red.<\/p>\n<p>Ellos tambi\u00e9n aceptan someterse a pruebas de drogas de rutina.<\/p>\n\n\t\t<\/div>\n\t<\/div>\n<\/div><\/div><\/div><div class=\"card-content-card-right wpb_column vc_column_container vc_col-sm-4 vc_col-has-fill\"><div class=\"vc_column-inner vc_custom_1575926181198\"><div class=\"wpb_wrapper\">\n\t<div  class=\"wpb_single_image wpb_content_element vc_align_left   card-content-card-image\">\n\t\t\n\t\t<figure class=\"wpb_wrapper vc_figure\">\n\t\t\t<div class=\"vc_single_image-wrapper   vc_box_border_grey\"><img loading=\"lazy\" decoding=\"async\" width=\"160\" height=\"196\" src=\"https:\/\/plumbers911.com\/wp-content\/uploads\/2019\/11\/red-formal-checkmark-white-box.svg\" class=\"vc_single_image-img attachment-full\" alt=\"\" \/><\/div>\n\t\t<\/figure>\n\t<\/div>\n<h3 style=\"text-align: left\" class=\"vc_custom_heading card-content-card-title\" >Todos los plomeros expertos con licencia y asegurados<\/h3>\n\t<div class=\"wpb_text_column wpb_content_element  card-content-card-text\" >\n\t\t<div class=\"wpb_wrapper\">\n\t\t\t<p>Contamos con profesionales de plomer\u00eda nacionales 24 horas al d\u00eda, 7 d\u00edas a la semana, que est\u00e1n autorizados y asegurados para garantizar que el trabajo se realice correctamente. Cuando habla con uno de nuestros contratistas, sabe que est\u00e1 certificado para realizar el trabajo en cuesti\u00f3n.<\/p>\n\n\t\t<\/div>\n\t<\/div>\n<\/div><\/div><\/div><\/div><\/div><\/div><\/div><\/div><\/div><\/div><div class=\"vc_row wpb_row vc_row-fluid cta-callout-content\"><div class=\"container\"><div class=\"row\"><div class=\"cta-callout-content-container wpb_column vc_column_container vc_col-sm-12\"><div class=\"vc_column-inner\"><div class=\"wpb_wrapper\"><section class=\"vc_cta3-container\"><div class=\"vc_general vc_cta3 cta-callout vc_cta3-style-custom vc_cta3-shape-square vc_cta3-align-left vc_cta3-icon-size-md vc_cta3-actions-bottom vc_custom_1695065402119\"><div class=\"vc_cta3_content-container\"><div class=\"vc_cta3-content\"><header class=\"vc_cta3-content-header\"><h2>\u00bfPor qu\u00e9 deber\u00eda llamarnos para la reparaci\u00f3n de su inodoro?<\/h2><h4>En toda el \u00e1rea de McAllen, remitimos a plomeros expertos para solucionar su problema con el inodoro.<\/h4><\/header><p>Nuestros plomeros con licencia y experiencia asisten regularmente a cursos de capacitaci\u00f3n para actualizar sus habilidades y adquirir conocimientos sobre las \u00faltimas t\u00e9cnicas y tecnolog\u00edas en la industria de la plomer\u00eda. Los plomeros del 911 de McAllen Plumbers deben pasar una exhaustiva verificaci\u00f3n de antecedentes y someterse a pruebas de drogas aleatorias antes de trabajar dentro de las casas.<\/p>\n<p>Cuando llame a Plomeros al 911, haremos todo lo posible para conectarlo con uno de nuestros plomeros altamente calificados. Nuestro servicio de emergencia 24 horas al d\u00eda, 7 d\u00edas a la semana brinda la mejor soluci\u00f3n a sus problemas con el ba\u00f1o.<\/p>\n<\/div><div class=\"vc_cta3-actions\"><div class=\"vc_btn3-container  cta-callout-button vc_btn3-inline\" ><a style=\"background-color:#ededed; color:#ffffff;\" class=\"vc_general vc_btn3 vc_btn3-size-lg vc_btn3-shape-square vc_btn3-style-custom\" href=\"tel:956-625-0102\" title=\"956-625-0102\">Llamar: 956-625-0102<\/a><\/div><\/div><\/div><\/div><\/section><\/div><\/div><\/div><\/div><\/div><\/div><div class=\"vc_row wpb_row vc_row-fluid landing-page-pre-footer vc_custom_1575913499520 vc_row-has-fill\"><div class=\"container\"><div class=\"row\"><div class=\"landing-page-pre-footer-container wpb_column vc_column_container vc_col-sm-12\"><div class=\"vc_column-inner\"><div class=\"wpb_wrapper\"><div class=\"vc_row wpb_row vc_inner vc_row-fluid landing-page-pre-footer-content\"><div class=\"landing-page-pre-footer-content-column wpb_column vc_column_container vc_col-sm-4\"><div class=\"vc_column-inner\"><div class=\"wpb_wrapper\"><h5 style=\"text-align: left\" class=\"vc_custom_heading landing-page-pre-footer-content-title\" >Acerca de los plomeros 911<\/h5>\n\t<div class=\"wpb_text_column wpb_content_element  landing-page-pre-footer-content-text\" >\n\t\t<div class=\"wpb_wrapper\">\n\t\t\t<p>Plumbers 911 es un servicio de referencia para contratistas y t\u00e9cnicos de plomer\u00eda locales. No somos una gran cadena nacional de \u201ctipos con llaves inglesas\u201d mal capacitados. En cambio, hemos creado una red de profesionales de plomer\u00eda locales que poseen sus propias empresas en su comunidad y conocen sus necesidades \u00fanicas de plomer\u00eda.<\/p>\n\n\t\t<\/div>\n\t<\/div>\n<\/div><\/div><\/div><div class=\"landing-page-pre-footer-content-column wpb_column vc_column_container vc_col-sm-4\"><div class=\"vc_column-inner\"><div class=\"wpb_wrapper\"><h5 style=\"text-align: left\" class=\"vc_custom_heading landing-page-pre-footer-content-title\" >Cont\u00e1ctenos<\/h5>\n\t<div class=\"wpb_text_column wpb_content_element  landing-page-pre-footer-content-text\" >\n\t\t<div class=\"wpb_wrapper\">\n\t\t\t<p>718 N. McColl Rd.<br \/>\nMcAllen, Texas 78501<\/p>\n<p><a href=\"tel:956-625-0102\">956-625-0102<\/a><\/p>\n<p><a href=\"mailto:contact@plumbers911.com\">Env\u00ede un correo electr\u00f3nico a los plomeros 911<\/a><\/p>\n\n\t\t<\/div>\n\t<\/div>\n<\/div><\/div><\/div><div class=\"landing-page-pre-footer-content-column wpb_column vc_column_container vc_col-sm-4\"><div class=\"vc_column-inner\"><div class=\"wpb_wrapper\"><h5 style=\"text-align: left\" class=\"vc_custom_heading landing-page-pre-footer-content-title\" >Plomeros 911 McAllen<\/h5><div class=\"wpb_gmaps_widget wpb_content_element vc_map_responsive landing-page-pre-footer-content-map\"><div class=\"wpb_wrapper\"><div class=\"wpb_map_wraper\"><iframe src=\"https:\/\/www.google.com\/maps\/embed?pb=!1m18!1m12!1m3!1d3579.6454236757104!2d-98.21362308806701!3d26.208210289913648!2m3!1f0!2f0!3f0!3m2!1i1024!2i768!4f13.1!3m3!1m2!1s0x8665a0b7e2cf5565%3A0xfa04109141bd8454!2s718%20N%20McColl%20Rd%2C%20McAllen%2C%20TX%2078501!5e0!3m2!1sen!2sus!4v1694180489635!5m2!1sen!2sus\" width=\"600\" height=\"300\" style=\"border:0;\" allowfullscreen=\"\" loading=\"lazy\"><\/iframe><\/div><\/div><\/div><\/div><\/div><\/div><\/div><\/div><\/div><\/div><\/div><\/div><\/div>","protected":false},"excerpt":{"rendered":"\u00a1Reparaci\u00f3n r\u00e1pida de inodoros en McAllen! \u00a1Deje que Plumbers 911 se encargue de las reparaciones de sus inodoros las 24 horas del d\u00eda, los 7 d\u00edas de la semana! Plumbers 911 McAllen 956-625-0102 Fontaneros\u2026","protected":false},"author":2,"featured_media":0,"parent":0,"menu_order":0,"comment_status":"closed","ping_status":"closed","template":"template-landing-mcallen.php","meta":{"footnotes":""},"wf_page_folders":[396],"class_list":["post-65351","page","type-page","status-publish","hentry","no-thumb"],"acf":[],"yoast_head":"<!-- This site is optimized with the Yoast SEO plugin v21.3 - https:\/\/yoast.com\/wordpress\/plugins\/seo\/ -->\n<title>Plumbers 911 | McAllen | Reparaci\u00f3n De Inodoros<\/title>\n<meta name=\"description\" content=\"Plumbers 911 es un servicio de referencia de contratistas de plomer\u00eda. Encuentre un contratista de plomer\u00eda en McAllen para reparar el inodoro\" \/>\n<meta name=\"robots\" content=\"index, follow, max-snippet:-1, max-image-preview:large, max-video-preview:-1\" \/>\n<link rel=\"canonical\" href=\"https:\/\/plumbers911.com\/es\/toilet-repair-mcallen\/\" \/>\n<meta property=\"og:locale\" content=\"es_MX\" \/>\n<meta property=\"og:type\" content=\"article\" \/>\n<meta property=\"og:title\" content=\"Plumbers 911 | McAllen | Reparaci\u00f3n De Inodoros\" \/>\n<meta property=\"og:description\" content=\"Plumbers 911 es un servicio de referencia de contratistas de plomer\u00eda. Encuentre un contratista de plomer\u00eda en McAllen para reparar el inodoro\" \/>\n<meta property=\"og:url\" content=\"https:\/\/plumbers911.com\/es\/toilet-repair-mcallen\/\" \/>\n<meta property=\"og:site_name\" content=\"Plumbers 911\" \/>\n<meta property=\"article:publisher\" content=\"https:\/\/www.facebook.com\/Plumbers911\/\" \/>\n<meta property=\"article:modified_time\" content=\"2024-01-24T20:12:06+00:00\" \/>\n<meta name=\"twitter:card\" content=\"summary_large_image\" \/>\n<meta name=\"twitter:site\" content=\"@plumbers911\" \/>\n<meta name=\"twitter:label1\" content=\"Tiempo de lectura\" \/>\n\t<meta name=\"twitter:data1\" content=\"5 minutos\" \/>\n<!-- \/ Yoast SEO plugin. -->","yoast_head_json":{"title":"Plumbers 911 | McAllen | Reparaci\u00f3n De Inodoros","description":"Plumbers 911 es un servicio de referencia de contratistas de plomer\u00eda. Encuentre un contratista de plomer\u00eda en McAllen para reparar el inodoro","robots":{"index":"index","follow":"follow","max-snippet":"max-snippet:-1","max-image-preview":"max-image-preview:large","max-video-preview":"max-video-preview:-1"},"canonical":"https:\/\/plumbers911.com\/es\/toilet-repair-mcallen\/","og_locale":"es_MX","og_type":"article","og_title":"Plumbers 911 | McAllen | Reparaci\u00f3n De Inodoros","og_description":"Plumbers 911 es un servicio de referencia de contratistas de plomer\u00eda. Encuentre un contratista de plomer\u00eda en McAllen para reparar el inodoro","og_url":"https:\/\/plumbers911.com\/es\/toilet-repair-mcallen\/","og_site_name":"Plumbers 911","article_publisher":"https:\/\/www.facebook.com\/Plumbers911\/","article_modified_time":"2024-01-24T20:12:06+00:00","twitter_card":"summary_large_image","twitter_site":"@plumbers911","twitter_misc":{"Tiempo de lectura":"5 minutos"},"schema":{"@context":"https:\/\/schema.org","@graph":[{"@type":"WebPage","@id":"https:\/\/plumbers911.com\/toilet-repair-mcallen\/","url":"https:\/\/plumbers911.com\/toilet-repair-mcallen\/","name":"Plumbers 911 | McAllen | Reparaci\u00f3n De Inodoros","isPartOf":{"@id":"https:\/\/plumbers911.com\/#website"},"datePublished":"2023-09-08T13:58:30+00:00","dateModified":"2024-01-24T20:12:06+00:00","description":"Plumbers 911 es un servicio de referencia de contratistas de plomer\u00eda. Encuentre un contratista de plomer\u00eda en McAllen para reparar el inodoro","breadcrumb":{"@id":"https:\/\/plumbers911.com\/toilet-repair-mcallen\/#breadcrumb"},"inLanguage":"es-MX","potentialAction":[{"@type":"ReadAction","target":["https:\/\/plumbers911.com\/toilet-repair-mcallen\/"]}]},{"@type":"BreadcrumbList","@id":"https:\/\/plumbers911.com\/toilet-repair-mcallen\/#breadcrumb","itemListElement":[{"@type":"ListItem","position":1,"name":"Home","item":"https:\/\/plumbers911.com\/"},{"@type":"ListItem","position":2,"name":"Toilet Repair McAllen"}]},{"@type":"WebSite","@id":"https:\/\/plumbers911.com\/#website","url":"https:\/\/plumbers911.com\/","name":"Plumbers 911","description":"Emergency Plumbing Services","publisher":{"@id":"https:\/\/plumbers911.com\/#organization"},"potentialAction":[{"@type":"SearchAction","target":{"@type":"EntryPoint","urlTemplate":"https:\/\/plumbers911.com\/?s={search_term_string}"},"query-input":"required name=search_term_string"}],"inLanguage":"es-MX"},{"@type":"Organization","@id":"https:\/\/plumbers911.com\/#organization","name":"Plumbers 911","url":"https:\/\/plumbers911.com\/","logo":{"@type":"ImageObject","inLanguage":"es-MX","@id":"https:\/\/plumbers911.com\/#\/schema\/logo\/image\/","url":"https:\/\/plumbers911.com\/wp-content\/uploads\/2023\/01\/plumbers-911-logo-2019.svg","contentUrl":"https:\/\/plumbers911.com\/wp-content\/uploads\/2023\/01\/plumbers-911-logo-2019.svg","width":444,"height":103,"caption":"Plumbers 911"},"image":{"@id":"https:\/\/plumbers911.com\/#\/schema\/logo\/image\/"},"sameAs":["https:\/\/www.facebook.com\/Plumbers911\/","https:\/\/twitter.com\/plumbers911","https:\/\/www.youtube.com\/plumbers911"]}]}},"_links":{"self":[{"href":"https:\/\/plumbers911.com\/es\/wp-json\/wp\/v2\/pages\/65351","targetHints":{"allow":["GET"]}}],"collection":[{"href":"https:\/\/plumbers911.com\/es\/wp-json\/wp\/v2\/pages"}],"about":[{"href":"https:\/\/plumbers911.com\/es\/wp-json\/wp\/v2\/types\/page"}],"author":[{"embeddable":true,"href":"https:\/\/plumbers911.com\/es\/wp-json\/wp\/v2\/users\/2"}],"replies":[{"embeddable":true,"href":"https:\/\/plumbers911.com\/es\/wp-json\/wp\/v2\/comments?post=65351"}],"version-history":[{"count":0,"href":"https:\/\/plumbers911.com\/es\/wp-json\/wp\/v2\/pages\/65351\/revisions"}],"wp:attachment":[{"href":"https:\/\/plumbers911.com\/es\/wp-json\/wp\/v2\/media?parent=65351"}],"wp:term":[{"taxonomy":"wf_page_folders","embeddable":true,"href":"https:\/\/plumbers911.com\/es\/wp-json\/wp\/v2\/wf_page_folders?post=65351"}],"curies":[{"name":"wp","href":"https:\/\/api.w.org\/{rel}","templated":true}]}}