{"id":65350,"date":"2023-09-08T13:56:35","date_gmt":"2023-09-08T13:56:35","guid":{"rendered":"https:\/\/plumbers911.com\/?page_id=65350"},"modified":"2024-01-24T19:53:59","modified_gmt":"2024-01-24T19:53:59","slug":"competitive-advantage-mcallen","status":"publish","type":"page","link":"https:\/\/plumbers911.com\/es\/competitive-advantage-mcallen\/","title":{"rendered":"Ventaja Competitiva McAllen"},"content":{"rendered":"<div class=\"vc_row wpb_row vc_row-fluid landing-hero-content vc_custom_1575990541455 vc_row-has-fill overlay-enable\"><div class=\"overlay\" style=\"background-color:rgba(0,19,75,0.4)\"><\/div><div class=\"container\"><div class=\"row\"><div class=\"landing-hero-content-left wpb_column vc_column_container vc_col-sm-6\"><div class=\"vc_column-inner\"><div class=\"wpb_wrapper\"><h1 style=\"text-align: right\" class=\"vc_custom_heading landing-hero-content-left-title\" >\u00bfA qu\u00e9 plomero deber\u00eda llamar en McAllen?<\/h1><h3 style=\"text-align: right\" class=\"vc_custom_heading landing-hero-content-left-sub-title\" >\u00a1Plomeros 911 le facilita la decisi\u00f3n!<\/h3><\/div><\/div><\/div><div class=\"landing-hero-content-right wpb_column vc_column_container vc_col-sm-6\"><div class=\"vc_column-inner\"><div class=\"wpb_wrapper\"><div class=\"vc_row wpb_row vc_inner vc_row-fluid landing-hero-content-right-coupon vc_custom_1575908287979 vc_row-has-fill\"><div class=\"landing-hero-content-right-coupon-container wpb_column vc_column_container vc_col-sm-12\"><div class=\"vc_column-inner\"><div class=\"wpb_wrapper\"><h3 style=\"text-align: center\" class=\"vc_custom_heading landing-hero-content-right-coupon-area-title\" >Plomeros 911 McAllen<\/h3>\n\t<div class=\"wpb_text_column wpb_content_element  landing-hero-content-right-coupon-text\" >\n\t\t<div class=\"wpb_wrapper\">\n\t\t\t<h2>956-625-0102<\/h2>\n<h3 style=\"font-size: 24px;\">Plomeros 911 N\u00famero de tel\u00e9fono de McAllen<\/h3>\n\n\t\t<\/div>\n\t<\/div>\n<div class=\"vc_btn3-container  plumber-button-solid vc_btn3-center\" ><a style=\"background-color:#d3030b; color:#ffffff;\" class=\"vc_general vc_btn3 vc_btn3-size-lg vc_btn3-shape-square vc_btn3-style-custom\" href=\"tel:956-625-0102\" title=\"956-625-0102\">Haz clic para llamar<\/a><\/div><\/div><\/div><\/div><\/div><\/div><\/div><\/div><\/div><\/div><\/div><div class=\"vc_row wpb_row vc_row-fluid about-content\"><div class=\"container\"><div class=\"row\"><div class=\"about-content-container-center wpb_column vc_column_container vc_col-sm-12\"><div class=\"vc_column-inner\"><div class=\"wpb_wrapper\"><h3 style=\"text-align: center\" class=\"vc_custom_heading about-content-title\" >\u00bfRooters? \u00bfFranklins? \u00bfPlomeros las 24 horas?<\/h3>\n\t<div class=\"wpb_text_column wpb_content_element  about-content-text\" >\n\t\t<div class=\"wpb_wrapper\">\n\t\t\t<h4>\u00bfEn qu\u00e9 plomero puede confiar en McAllen para sus necesidades de plomer\u00eda residencial?<\/h4>\n<p>Hay much\u00edsimos plomeros en el \u00e1rea de McAllen. Ya conoce los nombres... Rooter, Franklin, 24 horas, etc. \u00bfC\u00f3mo puede diferenciarlos y qu\u00e9 plomero local de McAllen es mejor para sus necesidades de plomer\u00eda residencial?<\/p>\n<h5>\u00a1La red local de plomeros 911 de McAllen puede conectarlo con el mejor plomero para sus necesidades!<\/h5>\n<p>Cuando llame a Plomeros al 911, lo conectaremos con uno de nuestros plomeros altamente calificados del \u00e1rea de McAllen que opera en su vecindario. Estos son plomeros locales expertos, no tipos que vuelan de noche con llaves y desatascadores. Puede estar seguro de saber que todos los contratistas y t\u00e9cnicos de servicio de Plumbers 911 son profesionales certificados en McAllen. Son verdaderos expertos que han trabajado en trabajos, tanto grandes como peque\u00f1os, en toda el \u00e1rea de McAllen, y son altamente capacitados con las \u00faltimas t\u00e9cnicas y tecnolog\u00edas de plomer\u00eda.<\/p>\n<p>Saben c\u00f3mo tratar bien a los clientes y har\u00e1n el trabajo de manera oportuna y eficiente.<\/p>\n\n\t\t<\/div>\n\t<\/div>\n<\/div><\/div><\/div><\/div><\/div><\/div><div class=\"vc_row wpb_row vc_row-fluid card-content\"><div class=\"container\"><div class=\"row\"><div class=\"card-content-container wpb_column vc_column_container vc_col-sm-12\"><div class=\"vc_column-inner\"><div class=\"wpb_wrapper\"><h3 style=\"text-align: center\" class=\"vc_custom_heading card-content-title-text\" >\u00a1Con\u00e9ctese directamente con los mejores plomeros de McAllen!<\/h3><div class=\"vc_row wpb_row vc_inner vc_row-fluid card-content-cards\"><div class=\"card-content-card-left wpb_column vc_column_container vc_col-sm-4 vc_col-has-fill\"><div class=\"vc_column-inner vc_custom_1575925617283\"><div class=\"wpb_wrapper\">\n\t<div  class=\"wpb_single_image wpb_content_element vc_align_left   card-content-card-image\">\n\t\t\n\t\t<figure class=\"wpb_wrapper vc_figure\">\n\t\t\t<div class=\"vc_single_image-wrapper   vc_box_border_grey\"><img loading=\"lazy\" decoding=\"async\" width=\"160\" height=\"196\" src=\"https:\/\/plumbers911.com\/wp-content\/uploads\/2019\/11\/red-formal-checkmark-white-box.svg\" class=\"vc_single_image-img attachment-full\" alt=\"\" \/><\/div>\n\t\t<\/figure>\n\t<\/div>\n<h3 style=\"text-align: left\" class=\"vc_custom_heading card-content-card-title\" >M\u00e1s de 10,000 horas de capacitaci\u00f3n<\/h3>\n\t<div class=\"wpb_text_column wpb_content_element  card-content-card-text\" >\n\t\t<div class=\"wpb_wrapper\">\n\t\t\t<p>Nuestros plomeros son todos profesionales acreditados y autorizados con a\u00f1os de experiencia. Cada uno ha completado extensos cursos, incluida la capacitaci\u00f3n continua sobre las \u00faltimas t\u00e9cnicas y equipos.<\/p>\n\n\t\t<\/div>\n\t<\/div>\n<\/div><\/div><\/div><div class=\"card-content-card-center wpb_column vc_column_container vc_col-sm-4 vc_col-has-fill\"><div class=\"vc_column-inner vc_custom_1575926167477\"><div class=\"wpb_wrapper\">\n\t<div  class=\"wpb_single_image wpb_content_element vc_align_left   card-content-card-image\">\n\t\t\n\t\t<figure class=\"wpb_wrapper vc_figure\">\n\t\t\t<div class=\"vc_single_image-wrapper   vc_box_border_grey\"><img loading=\"lazy\" decoding=\"async\" width=\"160\" height=\"196\" src=\"https:\/\/plumbers911.com\/wp-content\/uploads\/2019\/11\/red-formal-checkmark-white-box.svg\" class=\"vc_single_image-img attachment-full\" alt=\"\" \/><\/div>\n\t\t<\/figure>\n\t<\/div>\n<h3 style=\"text-align: left\" class=\"vc_custom_heading card-content-card-title\" >Antecedentes verificados y pruebas de drogas<\/h3>\n\t<div class=\"wpb_text_column wpb_content_element  card-content-card-text\" >\n\t\t<div class=\"wpb_wrapper\">\n\t\t\t<p>Exigimos a nuestros plomeros que se sometan a una rigurosa verificaci\u00f3n de antecedentes antes de poder participar en nuestra red.<\/p>\n<p>Ellos tambi\u00e9n aceptan someterse a pruebas de drogas de rutina.<\/p>\n\n\t\t<\/div>\n\t<\/div>\n<\/div><\/div><\/div><div class=\"card-content-card-right wpb_column vc_column_container vc_col-sm-4 vc_col-has-fill\"><div class=\"vc_column-inner vc_custom_1575926181198\"><div class=\"wpb_wrapper\">\n\t<div  class=\"wpb_single_image wpb_content_element vc_align_left   card-content-card-image\">\n\t\t\n\t\t<figure class=\"wpb_wrapper vc_figure\">\n\t\t\t<div class=\"vc_single_image-wrapper   vc_box_border_grey\"><img loading=\"lazy\" decoding=\"async\" width=\"160\" height=\"196\" src=\"https:\/\/plumbers911.com\/wp-content\/uploads\/2019\/11\/red-formal-checkmark-white-box.svg\" class=\"vc_single_image-img attachment-full\" alt=\"\" \/><\/div>\n\t\t<\/figure>\n\t<\/div>\n<h3 style=\"text-align: left\" class=\"vc_custom_heading card-content-card-title\" >Todos los plomeros expertos con licencia y asegurados<\/h3>\n\t<div class=\"wpb_text_column wpb_content_element  card-content-card-text\" >\n\t\t<div class=\"wpb_wrapper\">\n\t\t\t<p>Contamos con profesionales de plomer\u00eda nacionales 24 horas al d\u00eda, 7 d\u00edas a la semana, que est\u00e1n autorizados y asegurados para garantizar que el trabajo se realice correctamente. Cuando habla con uno de nuestros contratistas, sabe que est\u00e1 certificado para realizar el trabajo en cuesti\u00f3n.<\/p>\n\n\t\t<\/div>\n\t<\/div>\n<\/div><\/div><\/div><\/div><\/div><\/div><\/div><\/div><\/div><\/div><div class=\"vc_row wpb_row vc_row-fluid emergency-plumbing-banner-content vc_custom_1575990839000 vc_row-has-fill\"><div class=\"container\"><div class=\"row\"><div class=\"emergency-plumbing-banner-content-left wpb_column vc_column_container vc_col-sm-6\"><div class=\"vc_column-inner\"><div class=\"wpb_wrapper\"><h3 style=\"text-align: left\" class=\"vc_custom_heading emergency-plumbing-banner-content-sub-title\" >Hable con los plomeros 911 en<br \/>\nMcAllen hoy!<\/h3><h5 style=\"text-align: left\" class=\"vc_custom_heading emergency-plumbing-banner-content-title\" >Plomeros disponibles 24 horas al d\u00eda, 7 d\u00edas a la semana<\/h5><\/div><\/div><\/div><div class=\"emergency-plumbing-banner-content-right wpb_column vc_column_container vc_col-sm-6\"><div class=\"vc_column-inner\"><div class=\"wpb_wrapper\">\n\t<div class=\"wpb_raw_code wpb_content_element wpb_raw_html\" >\n\t\t<div class=\"wpb_wrapper\">\n\t\t\t<section class=\"call-now-banner-content\">\n  <a href=\"tel:956-625-0102\" class=\"call-now-banner-content-container\">\n    <div class=\"call-now-banner-content-top\">\n      <img decoding=\"async\" src=\"https:\/\/plumbers911.com\/wp-content\/uploads\/2020\/01\/call-now-phone-white.svg\" alt=\"icon of phone vibrating to look like it's ringing\">\n      <h4>\u00a1LLAMA AHORA!<\/h4>\n    <\/div>\n    <div class=\"call-now-banner-content-bottom\">\n      <h2>956-625-0102<\/h2>\n    <\/div>\n  <\/a>\n<\/section>\n\t\t<\/div>\n\t<\/div>\n<\/div><\/div><\/div><\/div><\/div><\/div><div class=\"vc_row wpb_row vc_row-fluid help-is-simple-content\"><div class=\"container\"><div class=\"row\"><div class=\"help-is-simple-content-container wpb_column vc_column_container vc_col-sm-12\"><div class=\"vc_column-inner\"><div class=\"wpb_wrapper\"><h3 style=\"text-align: center\" class=\"vc_custom_heading help-is-simple-content-heading\" >Nuestros plomeros McAllen le garantizan:<\/h3><div class=\"vc_row wpb_row vc_inner vc_row-fluid help-is-simple-content-container-text\"><div class=\"help-is-simple-content-container-text-column wpb_column vc_column_container vc_col-sm-4\"><div class=\"vc_column-inner\"><div class=\"wpb_wrapper\"><h4 style=\"text-align: left\" class=\"vc_custom_heading help-is-simple-content-title\" >Acceso directo a los expertos<\/h4>\n\t<div class=\"wpb_text_column wpb_content_element  help-is-simple-content-text\" >\n\t\t<div class=\"wpb_wrapper\">\n\t\t\t<p>Ning\u00fan otro sitio web puede brindarle acceso directo a los mejores plomeros con licencia en su \u00e1rea, que est\u00e1n capacitados en las \u00faltimas tecnolog\u00edas de la industria.<\/p>\n\n\t\t<\/div>\n\t<\/div>\n<\/div><\/div><\/div><div class=\"help-is-simple-content-container-text-column wpb_column vc_column_container vc_col-sm-4\"><div class=\"vc_column-inner\"><div class=\"wpb_wrapper\"><h4 style=\"text-align: left\" class=\"vc_custom_heading help-is-simple-content-title\" >Precio de servicio justo<\/h4>\n\t<div class=\"wpb_text_column wpb_content_element  help-is-simple-content-text\" >\n\t\t<div class=\"wpb_wrapper\">\n\t\t\t<p>Nuestros plomeros afiliados reciben una capacitaci\u00f3n exhaustiva para garantizar que puedan realizar correctamente un trabajo de alta calidad la primera vez para ahorrarle tiempo y dinero.<\/p>\n\n\t\t<\/div>\n\t<\/div>\n<\/div><\/div><\/div><div class=\"help-is-simple-content-container-text-column wpb_column vc_column_container vc_col-sm-4\"><div class=\"vc_column-inner\"><div class=\"wpb_wrapper\"><h4 style=\"text-align: left\" class=\"vc_custom_heading help-is-simple-content-title\" >Todos los trabajos totalmente asegurados<\/h4>\n\t<div class=\"wpb_text_column wpb_content_element  help-is-simple-content-text\" >\n\t\t<div class=\"wpb_wrapper\">\n\t\t\t<p>Todos los plomeros afiliados a Plumbers 911 est\u00e1n completamente asegurados, tienen licencia y est\u00e1n garantizados para realizar trabajos de plomer\u00eda residencial.<\/p>\n\n\t\t<\/div>\n\t<\/div>\n<\/div><\/div><\/div><\/div><\/div><\/div><\/div><\/div><\/div><\/div><div class=\"vc_row wpb_row vc_row-fluid take-the-worry-out-content\"><div class=\"container\"><div class=\"row\"><div class=\"take-the-worry-out-content-container wpb_column vc_column_container vc_col-sm-12\"><div class=\"vc_column-inner\"><div class=\"wpb_wrapper\">\n\t<div class=\"wpb_raw_code wpb_content_element wpb_raw_html\" >\n\t\t<div class=\"wpb_wrapper\">\n\t\t\t<div class=\"section-separator-line\"><\/div>\n\t\t<\/div>\n\t<\/div>\n<h4 style=\"text-align: center\" class=\"vc_custom_heading take-the-worry-out-content-header\" >\u00a1La red Plumbers 911 elimina la preocupaci\u00f3n de contratar un plomero en McAllen!<\/h4>\n\t<div class=\"wpb_raw_code wpb_content_element wpb_raw_html\" >\n\t\t<div class=\"wpb_wrapper\">\n\t\t\t<div class=\"section-separator-line\"><\/div>\n\t\t<\/div>\n\t<\/div>\n<\/div><\/div><\/div><\/div><\/div><\/div><div class=\"vc_row wpb_row vc_row-fluid why-choose-content\"><div class=\"container\"><div class=\"row\"><div class=\"why-choose-content-right wpb_column vc_column_container vc_col-sm-6\"><div class=\"vc_column-inner\"><div class=\"wpb_wrapper\">\n\t<div  class=\"wpb_single_image wpb_content_element vc_align_center   why-choose-content-right-image\">\n\t\t\n\t\t<figure class=\"wpb_wrapper vc_figure\">\n\t\t\t<div class=\"vc_single_image-wrapper   vc_box_border_grey\"><img loading=\"lazy\" decoding=\"async\" width=\"1200\" height=\"808\" src=\"https:\/\/plumbers911.com\/wp-content\/uploads\/2019\/12\/plumber-handshake-1200-short.jpg\" class=\"vc_single_image-img attachment-full\" alt=\"Plumbers 911 - Contractor Referral Service\" srcset=\"https:\/\/plumbers911.com\/wp-content\/uploads\/2019\/12\/plumber-handshake-1200-short.jpg 1200w, https:\/\/plumbers911.com\/wp-content\/uploads\/2019\/12\/plumber-handshake-1200-short-300x202.jpg 300w, https:\/\/plumbers911.com\/wp-content\/uploads\/2019\/12\/plumber-handshake-1200-short-1024x689.jpg 1024w, https:\/\/plumbers911.com\/wp-content\/uploads\/2019\/12\/plumber-handshake-1200-short-768x517.jpg 768w\" sizes=\"auto, (max-width: 1200px) 100vw, 1200px\" \/><\/div>\n\t\t<\/figure>\n\t<\/div>\n<\/div><\/div><\/div><div class=\"why-choose-content-left wpb_column vc_column_container vc_col-sm-6\"><div class=\"vc_column-inner\"><div class=\"wpb_wrapper\"><h3 style=\"text-align: left\" class=\"vc_custom_heading why-choose-content-left-title\" >Compare nuestros plomeros con los Rooters, Franklins y otros plomeros que atienden las 24 horas de McAllen...<\/h3>\n\t<div class=\"wpb_text_column wpb_content_element  why-choose-content-left-text\" >\n\t\t<div class=\"wpb_wrapper\">\n\t\t\t<ul>\n<li>Plomeros capacitados de servicio completo del \u00e1rea de McAllen<\/li>\n<li>M\u00e1s de 10.000 horas de formaci\u00f3n con certificaciones<\/li>\n<li>Disponible las 24 horas del d\u00eda, los 7 d\u00edas de la semana para servicios de plomer\u00eda de emergencia<\/li>\n<li>Verdaderos expertos en plomer\u00eda en espacios residenciales y comerciales<\/li>\n<li>Especialistas Certificados en Trabajos de Plomer\u00eda<\/li>\n<li>S\u00f3lo contratistas de plomer\u00eda garantizados, autorizados y asegurados<\/li>\n<\/ul>\n\n\t\t<\/div>\n\t<\/div>\n<h5 style=\"text-align: left\" class=\"vc_custom_heading why-choose-content-left-cta-title\" >Conf\u00ede en Plumbers 911. \u00a1Hacemos que sus necesidades de servicio, instalaci\u00f3n y reparaci\u00f3n de plomer\u00eda en McAllen sean f\u00e1ciles!<\/h5><\/div><\/div><\/div><\/div><\/div><\/div><div class=\"vc_row wpb_row vc_row-fluid landing-page-pre-footer vc_custom_1575913499520 vc_row-has-fill\"><div class=\"container\"><div class=\"row\"><div class=\"landing-page-pre-footer-container wpb_column vc_column_container vc_col-sm-12\"><div class=\"vc_column-inner\"><div class=\"wpb_wrapper\"><div class=\"vc_row wpb_row vc_inner vc_row-fluid landing-page-pre-footer-content\"><div class=\"landing-page-pre-footer-content-column wpb_column vc_column_container vc_col-sm-4\"><div class=\"vc_column-inner\"><div class=\"wpb_wrapper\"><h5 style=\"text-align: left\" class=\"vc_custom_heading landing-page-pre-footer-content-title\" >Acerca de los plomeros 911<\/h5>\n\t<div class=\"wpb_text_column wpb_content_element  landing-page-pre-footer-content-text\" >\n\t\t<div class=\"wpb_wrapper\">\n\t\t\t<p>Plumbers 911 es un servicio de referencia para contratistas y t\u00e9cnicos de plomer\u00eda locales. No somos una gran cadena nacional de \u201ctipos con llaves inglesas\u201d mal capacitados. En cambio, hemos creado una red de profesionales de plomer\u00eda locales que poseen sus propias empresas en su comunidad y conocen sus necesidades \u00fanicas de plomer\u00eda.<\/p>\n\n\t\t<\/div>\n\t<\/div>\n<\/div><\/div><\/div><div class=\"landing-page-pre-footer-content-column wpb_column vc_column_container vc_col-sm-4\"><div class=\"vc_column-inner\"><div class=\"wpb_wrapper\"><h5 style=\"text-align: left\" class=\"vc_custom_heading landing-page-pre-footer-content-title\" >Cont\u00e1ctenos<\/h5>\n\t<div class=\"wpb_text_column wpb_content_element  landing-page-pre-footer-content-text\" >\n\t\t<div class=\"wpb_wrapper\">\n\t\t\t<p>718 N. McColl Rd.<br \/>\nMcAllen, Texas 78501<\/p>\n<p><a href=\"tel:956-625-0102\">956-625-0102<\/a><\/p>\n<p><a href=\"mailto:contact@plumbers911.com\">Env\u00ede un correo electr\u00f3nico a los plomeros 911<\/a><\/p>\n\n\t\t<\/div>\n\t<\/div>\n<\/div><\/div><\/div><div class=\"landing-page-pre-footer-content-column wpb_column vc_column_container vc_col-sm-4\"><div class=\"vc_column-inner\"><div class=\"wpb_wrapper\"><h5 style=\"text-align: left\" class=\"vc_custom_heading landing-page-pre-footer-content-title\" >Plomeros 911 McAllen<\/h5><div class=\"wpb_gmaps_widget wpb_content_element vc_map_responsive landing-page-pre-footer-content-map\"><div class=\"wpb_wrapper\"><div class=\"wpb_map_wraper\"><iframe src=\"https:\/\/www.google.com\/maps\/embed?pb=!1m18!1m12!1m3!1d3579.6454236757104!2d-98.21362308806701!3d26.208210289913648!2m3!1f0!2f0!3f0!3m2!1i1024!2i768!4f13.1!3m3!1m2!1s0x8665a0b7e2cf5565%3A0xfa04109141bd8454!2s718%20N%20McColl%20Rd%2C%20McAllen%2C%20TX%2078501!5e0!3m2!1sen!2sus!4v1694180489635!5m2!1sen!2sus\" width=\"600\" height=\"300\" style=\"border:0;\" allowfullscreen=\"\" loading=\"lazy\"><\/iframe><\/div><\/div><\/div><\/div><\/div><\/div><\/div><\/div><\/div><\/div><\/div><\/div><\/div>","protected":false},"excerpt":{"rendered":"\u00bfA qu\u00e9 plomero deber\u00eda llamar en McAllen? \u00a1Plomeros 911 le facilita la decisi\u00f3n! Plomeros 911 McAllen 956-625-0102 Plomeros\u2026","protected":false},"author":2,"featured_media":0,"parent":0,"menu_order":0,"comment_status":"closed","ping_status":"closed","template":"template-landing-mcallen.php","meta":{"footnotes":""},"wf_page_folders":[396],"class_list":["post-65350","page","type-page","status-publish","hentry","no-thumb"],"acf":[],"yoast_head":"<!-- This site is optimized with the Yoast SEO plugin v21.3 - https:\/\/yoast.com\/wordpress\/plugins\/seo\/ -->\n<title>Plumbers 911 | McAllen | Ventaja Competitiva<\/title>\n<meta name=\"description\" content=\"Plumbers 911 es un servicio de referencia de contratistas de plomer\u00eda que lo ayudar\u00e1 a encontrar contratistas de plomer\u00eda locales en McAllen.\" \/>\n<meta name=\"robots\" content=\"index, follow, max-snippet:-1, max-image-preview:large, max-video-preview:-1\" \/>\n<link rel=\"canonical\" href=\"https:\/\/plumbers911.com\/es\/competitive-advantage-mcallen\/\" \/>\n<meta property=\"og:locale\" content=\"es_MX\" \/>\n<meta property=\"og:type\" content=\"article\" \/>\n<meta property=\"og:title\" content=\"Plumbers 911 | McAllen | Ventaja Competitiva\" \/>\n<meta property=\"og:description\" content=\"Plumbers 911 es un servicio de referencia de contratistas de plomer\u00eda que lo ayudar\u00e1 a encontrar contratistas de plomer\u00eda locales en McAllen.\" \/>\n<meta property=\"og:url\" content=\"https:\/\/plumbers911.com\/es\/competitive-advantage-mcallen\/\" \/>\n<meta property=\"og:site_name\" content=\"Plumbers 911\" \/>\n<meta property=\"article:publisher\" content=\"https:\/\/www.facebook.com\/Plumbers911\/\" \/>\n<meta property=\"article:modified_time\" content=\"2024-01-24T19:53:59+00:00\" \/>\n<meta name=\"twitter:card\" content=\"summary_large_image\" \/>\n<meta name=\"twitter:site\" content=\"@plumbers911\" \/>\n<meta name=\"twitter:label1\" content=\"Tiempo de lectura\" \/>\n\t<meta name=\"twitter:data1\" content=\"4 minutos\" \/>\n<!-- \/ Yoast SEO plugin. -->","yoast_head_json":{"title":"Plumbers 911 | McAllen | Ventaja Competitiva","description":"Plumbers 911 es un servicio de referencia de contratistas de plomer\u00eda que lo ayudar\u00e1 a encontrar contratistas de plomer\u00eda locales en McAllen.","robots":{"index":"index","follow":"follow","max-snippet":"max-snippet:-1","max-image-preview":"max-image-preview:large","max-video-preview":"max-video-preview:-1"},"canonical":"https:\/\/plumbers911.com\/es\/competitive-advantage-mcallen\/","og_locale":"es_MX","og_type":"article","og_title":"Plumbers 911 | McAllen | Ventaja Competitiva","og_description":"Plumbers 911 es un servicio de referencia de contratistas de plomer\u00eda que lo ayudar\u00e1 a encontrar contratistas de plomer\u00eda locales en McAllen.","og_url":"https:\/\/plumbers911.com\/es\/competitive-advantage-mcallen\/","og_site_name":"Plumbers 911","article_publisher":"https:\/\/www.facebook.com\/Plumbers911\/","article_modified_time":"2024-01-24T19:53:59+00:00","twitter_card":"summary_large_image","twitter_site":"@plumbers911","twitter_misc":{"Tiempo de lectura":"4 minutos"},"schema":{"@context":"https:\/\/schema.org","@graph":[{"@type":"WebPage","@id":"https:\/\/plumbers911.com\/competitive-advantage-mcallen\/","url":"https:\/\/plumbers911.com\/competitive-advantage-mcallen\/","name":"Plumbers 911 | McAllen | Ventaja Competitiva","isPartOf":{"@id":"https:\/\/plumbers911.com\/#website"},"datePublished":"2023-09-08T13:56:35+00:00","dateModified":"2024-01-24T19:53:59+00:00","description":"Plumbers 911 es un servicio de referencia de contratistas de plomer\u00eda que lo ayudar\u00e1 a encontrar contratistas de plomer\u00eda locales en McAllen.","breadcrumb":{"@id":"https:\/\/plumbers911.com\/competitive-advantage-mcallen\/#breadcrumb"},"inLanguage":"es-MX","potentialAction":[{"@type":"ReadAction","target":["https:\/\/plumbers911.com\/competitive-advantage-mcallen\/"]}]},{"@type":"BreadcrumbList","@id":"https:\/\/plumbers911.com\/competitive-advantage-mcallen\/#breadcrumb","itemListElement":[{"@type":"ListItem","position":1,"name":"Home","item":"https:\/\/plumbers911.com\/"},{"@type":"ListItem","position":2,"name":"Competitive Advantage McAllen"}]},{"@type":"WebSite","@id":"https:\/\/plumbers911.com\/#website","url":"https:\/\/plumbers911.com\/","name":"Plumbers 911","description":"Emergency Plumbing Services","publisher":{"@id":"https:\/\/plumbers911.com\/#organization"},"potentialAction":[{"@type":"SearchAction","target":{"@type":"EntryPoint","urlTemplate":"https:\/\/plumbers911.com\/?s={search_term_string}"},"query-input":"required name=search_term_string"}],"inLanguage":"es-MX"},{"@type":"Organization","@id":"https:\/\/plumbers911.com\/#organization","name":"Plumbers 911","url":"https:\/\/plumbers911.com\/","logo":{"@type":"ImageObject","inLanguage":"es-MX","@id":"https:\/\/plumbers911.com\/#\/schema\/logo\/image\/","url":"https:\/\/plumbers911.com\/wp-content\/uploads\/2023\/01\/plumbers-911-logo-2019.svg","contentUrl":"https:\/\/plumbers911.com\/wp-content\/uploads\/2023\/01\/plumbers-911-logo-2019.svg","width":444,"height":103,"caption":"Plumbers 911"},"image":{"@id":"https:\/\/plumbers911.com\/#\/schema\/logo\/image\/"},"sameAs":["https:\/\/www.facebook.com\/Plumbers911\/","https:\/\/twitter.com\/plumbers911","https:\/\/www.youtube.com\/plumbers911"]}]}},"_links":{"self":[{"href":"https:\/\/plumbers911.com\/es\/wp-json\/wp\/v2\/pages\/65350","targetHints":{"allow":["GET"]}}],"collection":[{"href":"https:\/\/plumbers911.com\/es\/wp-json\/wp\/v2\/pages"}],"about":[{"href":"https:\/\/plumbers911.com\/es\/wp-json\/wp\/v2\/types\/page"}],"author":[{"embeddable":true,"href":"https:\/\/plumbers911.com\/es\/wp-json\/wp\/v2\/users\/2"}],"replies":[{"embeddable":true,"href":"https:\/\/plumbers911.com\/es\/wp-json\/wp\/v2\/comments?post=65350"}],"version-history":[{"count":0,"href":"https:\/\/plumbers911.com\/es\/wp-json\/wp\/v2\/pages\/65350\/revisions"}],"wp:attachment":[{"href":"https:\/\/plumbers911.com\/es\/wp-json\/wp\/v2\/media?parent=65350"}],"wp:term":[{"taxonomy":"wf_page_folders","embeddable":true,"href":"https:\/\/plumbers911.com\/es\/wp-json\/wp\/v2\/wf_page_folders?post=65350"}],"curies":[{"name":"wp","href":"https:\/\/api.w.org\/{rel}","templated":true}]}}